{"id":22178,"date":"2023-04-17T10:02:26","date_gmt":"2023-04-17T10:02:26","guid":{"rendered":"https:\/\/dev.email-soft.net\/awtad\/?page_id=22178"},"modified":"2023-07-05T07:29:36","modified_gmt":"2023-07-05T07:29:36","slug":"carnauba-wax","status":"publish","type":"page","link":"https:\/\/awtadcosmetics.com\/ar\/carnauba-wax\/","title":{"rendered":"CARNAUBA WAX"},"content":{"rendered":"<div data-elementor-type=\"wp-page\" data-elementor-id=\"22178\" class=\"elementor elementor-22178\">\n\t\t\t\t\t\t<div class=\"elementor-inner\">\n\t\t\t\t<div class=\"elementor-section-wrap\">\n\t\t\t\t\t\t\t\t\t<section class=\"elementor-section elementor-top-section elementor-element elementor-element-28b8964 elementor-section-boxed elementor-section-height-default elementor-section-height-default\" data-id=\"28b8964\" data-element_type=\"section\">\n\t\t\t\t\t\t<div class=\"elementor-container elementor-column-gap-default\">\n\t\t\t\t\t\t\t<div class=\"elementor-row\">\n\t\t\t\t\t<div class=\"elementor-column elementor-col-100 elementor-top-column elementor-element elementor-element-e0cc996\" data-id=\"e0cc996\" data-element_type=\"column\">\n\t\t\t<div class=\"elementor-column-wrap elementor-element-populated\">\n\t\t\t\t\t\t\t<div class=\"elementor-widget-wrap\">\n\t\t\t\t\t\t<div class=\"elementor-element elementor-element-a12adf0 elementor-widget elementor-widget-image\" data-id=\"a12adf0\" data-element_type=\"widget\" data-widget_type=\"image.default\">\n\t\t\t\t<div class=\"elementor-widget-container\">\n\t\t\t\t\t\t\t\t<div class=\"elementor-image\">\n\t\t\t\t\t\t\t\t\t\t\t\t<img decoding=\"async\" width=\"300\" height=\"300\" src=\"https:\/\/awtadcosmetics.com\/wp-content\/uploads\/2023\/04\/CARNAUBA-WAX.jpg\" class=\"attachment-large size-large wp-image-22183\" alt=\"\" loading=\"lazy\" srcset=\"https:\/\/awtadcosmetics.com\/wp-content\/uploads\/2023\/04\/CARNAUBA-WAX.jpg 300w, https:\/\/awtadcosmetics.com\/wp-content\/uploads\/2023\/04\/CARNAUBA-WAX-100x100.jpg 100w, https:\/\/awtadcosmetics.com\/wp-content\/uploads\/2023\/04\/CARNAUBA-WAX-150x150.jpg 150w\" sizes=\"(max-width: 300px) 100vw, 300px\" \/>\t\t\t\t\t\t\t\t\t\t\t\t\t\t<\/div>\n\t\t\t\t\t\t<\/div>\n\t\t\t\t<\/div>\n\t\t\t\t\t\t<\/div>\n\t\t\t\t\t<\/div>\n\t\t<\/div>\n\t\t\t\t\t\t\t\t<\/div>\n\t\t\t\t\t<\/div>\n\t\t<\/section>\n\t\t\t\t<section class=\"elementor-section elementor-top-section elementor-element elementor-element-0b6be69 elementor-section-boxed elementor-section-height-default elementor-section-height-default\" data-id=\"0b6be69\" data-element_type=\"section\">\n\t\t\t\t\t\t<div class=\"elementor-container elementor-column-gap-default\">\n\t\t\t\t\t\t\t<div class=\"elementor-row\">\n\t\t\t\t\t<div class=\"elementor-column elementor-col-100 elementor-top-column elementor-element elementor-element-c93ef06\" data-id=\"c93ef06\" data-element_type=\"column\">\n\t\t\t<div class=\"elementor-column-wrap elementor-element-populated\">\n\t\t\t\t\t\t\t<div class=\"elementor-widget-wrap\">\n\t\t\t\t\t\t<div class=\"elementor-element elementor-element-7bce11e elementor-widget elementor-widget-text-editor\" data-id=\"7bce11e\" data-element_type=\"widget\" data-widget_type=\"text-editor.default\">\n\t\t\t\t<div class=\"elementor-widget-container\">\n\t\t\t\t\t\t\t\t<div class=\"elementor-text-editor elementor-clearfix\">\n\t\t\t\t<p><strong>Origin<\/strong>:\u00a0\u00a0It is obtained from the leaves of the carnauba palm by collecting and drying them, beating them to loosen the wax, then refining and bleaching the wax.<\/p><p><strong>Also Known As:\u00a0<\/strong><\/p><p>Brazil wax<\/p><p>Palm wax<\/p><p><strong>Overview<\/strong>:\u00a0Carnauba wax\u00a0 is a wax of the leaves of the palm Copernicia prunifera (Synonym: Copernicia cerifera), a plant native to and grown only in the northeastern Brazilian states of Piau\u00ed, Cear\u00e1, Maranh\u00e3o, Bahia, and Rio Grande do Norte. It is known as \u201cqueen of waxes\u201d and in its pure state, usually comes in the form of hard yellow-brown flakes.<\/p><p>Because of its hypoallergenic and emollient properties as well as its shine, carnauba wax appears as an ingredient in many cosmetics formulas where it is used to thicken lipstick, eyeliner, mascara, eye shadow, foundation, deodorant, various skin care preparations, sun care preparations, etc. It is also used to make cutler\u2019s resin.<\/p><p><strong>Suggested Uses:\u00a0<\/strong><\/p><p>Creams, salves, and ointments<br \/>Protective creams<br \/>Balms<br \/>Pomades<br \/>Lipsticks and lip gloss<br \/>Mascaras<\/p><p>Ideal Concentration Level in Products:\u00a02% to 40% added to the oil phase of formulas requiring emulsification.<\/p>\t\t\t\t\t<\/div>\n\t\t\t\t\t\t<\/div>\n\t\t\t\t<\/div>\n\t\t\t\t\t\t<\/div>\n\t\t\t\t\t<\/div>\n\t\t<\/div>\n\t\t\t\t\t\t\t\t<\/div>\n\t\t\t\t\t<\/div>\n\t\t<\/section>\n\t\t\t\t\t\t\t\t\t<\/div>\n\t\t\t<\/div>\n\t\t\t\t\t<\/div>","protected":false},"excerpt":{"rendered":"<p>Origin:\u00a0\u00a0It is obtained from the leaves of the carnauba palm by collecting and drying them, beating them to loosen the wax, then refining and bleaching the wax. Also Known As:\u00a0 Brazil wax Palm wax Overview:\u00a0Carnauba wax\u00a0 is a wax of the leaves of the palm Copernicia prunifera (Synonym: Copernicia cerifera), a plant native to and [&hellip;]<\/p>","protected":false},"author":1,"featured_media":0,"parent":0,"menu_order":0,"comment_status":"closed","ping_status":"closed","template":"","meta":[],"_links":{"self":[{"href":"https:\/\/awtadcosmetics.com\/ar\/wp-json\/wp\/v2\/pages\/22178"}],"collection":[{"href":"https:\/\/awtadcosmetics.com\/ar\/wp-json\/wp\/v2\/pages"}],"about":[{"href":"https:\/\/awtadcosmetics.com\/ar\/wp-json\/wp\/v2\/types\/page"}],"author":[{"embeddable":true,"href":"https:\/\/awtadcosmetics.com\/ar\/wp-json\/wp\/v2\/users\/1"}],"replies":[{"embeddable":true,"href":"https:\/\/awtadcosmetics.com\/ar\/wp-json\/wp\/v2\/comments?post=22178"}],"version-history":[{"count":7,"href":"https:\/\/awtadcosmetics.com\/ar\/wp-json\/wp\/v2\/pages\/22178\/revisions"}],"predecessor-version":[{"id":24596,"href":"https:\/\/awtadcosmetics.com\/ar\/wp-json\/wp\/v2\/pages\/22178\/revisions\/24596"}],"wp:attachment":[{"href":"https:\/\/awtadcosmetics.com\/ar\/wp-json\/wp\/v2\/media?parent=22178"}],"curies":[{"name":"wp","href":"https:\/\/api.w.org\/{rel}","templated":true}]}}